{"id":367,"date":"2024-04-15T20:10:06","date_gmt":"2024-04-15T18:10:06","guid":{"rendered":"http:\/\/mccongress.com.mx\/?page_id=367"},"modified":"2024-06-25T22:30:35","modified_gmt":"2024-06-25T20:30:35","slug":"mc-digital","status":"publish","type":"page","link":"http:\/\/mccongress.com.mx\/?page_id=367","title":{"rendered":"MC DIGITAL"},"content":{"rendered":"\t\t<div data-elementor-type=\"wp-page\" data-elementor-id=\"367\" class=\"elementor elementor-367\" data-elementor-post-type=\"page\">\n\t\t\t\t\t\t<section class=\"elementor-section elementor-top-section elementor-element elementor-element-c82c728 elementor-section-full_width elementor-section-height-full elementor-section-height-default elementor-section-items-middle\" data-id=\"c82c728\" data-element_type=\"section\" data-settings=\"{&quot;background_background&quot;:&quot;video&quot;,&quot;background_video_link&quot;:&quot;http:\\\/\\\/mccongress.com.mx\\\/wp-content\\\/uploads\\\/2024\\\/06\\\/INTRO_MC-DIGITAL.mp4&quot;,&quot;_ha_eqh_enable&quot;:false}\">\n\t\t\t\t\t\t\t\t<div class=\"elementor-background-video-container elementor-hidden-phone\">\n\t\t\t\t\t\t\t\t\t\t\t\t\t<video class=\"elementor-background-video-hosted elementor-html5-video\" autoplay muted playsinline loop><\/video>\n\t\t\t\t\t\t\t\t\t\t\t<\/div>\n\t\t\t\t\t\t\t\t<div class=\"elementor-container elementor-column-gap-default\">\n\t\t\t\t\t<div class=\"elementor-column elementor-col-100 elementor-top-column elementor-element elementor-element-dba6d95\" data-id=\"dba6d95\" data-element_type=\"column\">\n\t\t\t<div class=\"elementor-widget-wrap elementor-element-populated\">\n\t\t\t\t\t\t<div class=\"elementor-element elementor-element-0834687 elementor-widget elementor-widget-spacer\" data-id=\"0834687\" data-element_type=\"widget\" data-widget_type=\"spacer.default\">\n\t\t\t\t<div class=\"elementor-widget-container\">\n\t\t\t\t\t<div class=\"elementor-spacer\">\n\t\t\t<div class=\"elementor-spacer-inner\"><\/div>\n\t\t<\/div>\n\t\t\t\t<\/div>\n\t\t\t\t<\/div>\n\t\t\t\t\t<\/div>\n\t\t<\/div>\n\t\t\t\t\t<\/div>\n\t\t<\/section>\n\t\t\t\t<section class=\"elementor-section elementor-top-section elementor-element elementor-element-456aa1a elementor-section-boxed elementor-section-height-default elementor-section-height-default\" data-id=\"456aa1a\" data-element_type=\"section\" data-settings=\"{&quot;_ha_eqh_enable&quot;:false}\">\n\t\t\t\t\t\t<div class=\"elementor-container elementor-column-gap-default\">\n\t\t\t\t\t<div class=\"elementor-column elementor-col-100 elementor-top-column elementor-element elementor-element-c383313\" data-id=\"c383313\" data-element_type=\"column\">\n\t\t\t<div class=\"elementor-widget-wrap elementor-element-populated\">\n\t\t\t\t\t\t<div class=\"elementor-element elementor-element-e09b390 elementor-widget elementor-widget-text-editor\" data-id=\"e09b390\" data-element_type=\"widget\" data-widget_type=\"text-editor.default\">\n\t\t\t\t<div class=\"elementor-widget-container\">\n\t\t\t\t\t\t\t<p>NOS ESPECIALIZAMOS EN EVENTOS <br \/>DE ALTO IMPACTO<\/p>\t\t\t\t\t\t<\/div>\n\t\t\t\t<\/div>\n\t\t\t\t<div class=\"elementor-element elementor-element-51a4f8e elementor-widget-divider--view-line elementor-widget elementor-widget-divider\" data-id=\"51a4f8e\" data-element_type=\"widget\" data-widget_type=\"divider.default\">\n\t\t\t\t<div class=\"elementor-widget-container\">\n\t\t\t\t\t<div class=\"elementor-divider\">\n\t\t\t<span class=\"elementor-divider-separator\">\n\t\t\t\t\t\t<\/span>\n\t\t<\/div>\n\t\t\t\t<\/div>\n\t\t\t\t<\/div>\n\t\t\t\t<div class=\"elementor-element elementor-element-21959e6 elementor-widget elementor-widget-text-editor\" data-id=\"21959e6\" data-element_type=\"widget\" data-widget_type=\"text-editor.default\">\n\t\t\t\t<div class=\"elementor-widget-container\">\n\t\t\t\t\t\t\t<p>Nuestros <span style=\"color: #51dd6b;\">servicios digitales<\/span> incluyen:<\/p>\t\t\t\t\t\t<\/div>\n\t\t\t\t<\/div>\n\t\t\t\t<div class=\"elementor-element elementor-element-c63d84b elementor-widget elementor-widget-image\" data-id=\"c63d84b\" data-element_type=\"widget\" data-widget_type=\"image.default\">\n\t\t\t\t<div class=\"elementor-widget-container\">\n\t\t\t\t\t\t\t\t\t\t\t\t\t<img fetchpriority=\"high\" decoding=\"async\" width=\"6776\" height=\"6491\" src=\"http:\/\/mccongress.com.mx\/wp-content\/uploads\/2024\/04\/grafico_001-3-1.png\" class=\"attachment-full size-full wp-image-500\" alt=\"\" srcset=\"http:\/\/mccongress.com.mx\/wp-content\/uploads\/2024\/04\/grafico_001-3-1.png 6776w, http:\/\/mccongress.com.mx\/wp-content\/uploads\/2024\/04\/grafico_001-3-1-300x287.png 300w, http:\/\/mccongress.com.mx\/wp-content\/uploads\/2024\/04\/grafico_001-3-1-1024x981.png 1024w, http:\/\/mccongress.com.mx\/wp-content\/uploads\/2024\/04\/grafico_001-3-1-768x736.png 768w, http:\/\/mccongress.com.mx\/wp-content\/uploads\/2024\/04\/grafico_001-3-1-1536x1471.png 1536w, http:\/\/mccongress.com.mx\/wp-content\/uploads\/2024\/04\/grafico_001-3-1-2048x1962.png 2048w, http:\/\/mccongress.com.mx\/wp-content\/uploads\/2024\/04\/grafico_001-3-1-600x575.png 600w\" sizes=\"(max-width: 6776px) 100vw, 6776px\" \/>\t\t\t\t\t\t\t\t\t\t\t\t\t<\/div>\n\t\t\t\t<\/div>\n\t\t\t\t<div class=\"elementor-element elementor-element-87c50cc elementor-widget elementor-widget-spacer\" data-id=\"87c50cc\" data-element_type=\"widget\" data-widget_type=\"spacer.default\">\n\t\t\t\t<div class=\"elementor-widget-container\">\n\t\t\t\t\t<div class=\"elementor-spacer\">\n\t\t\t<div class=\"elementor-spacer-inner\"><\/div>\n\t\t<\/div>\n\t\t\t\t<\/div>\n\t\t\t\t<\/div>\n\t\t\t\t<div class=\"elementor-element elementor-element-8f6d5f2 elementor-widget elementor-widget-text-editor\" data-id=\"8f6d5f2\" data-element_type=\"widget\" data-widget_type=\"text-editor.default\">\n\t\t\t\t<div class=\"elementor-widget-container\">\n\t\t\t\t\t\t\t<p>&#8220;No importa el tama\u00f1o de su reuni\u00f3n, <span style=\"color: #51dd6b;\">tenemos la soluci\u00f3n<\/span>&#8220;<\/p>\t\t\t\t\t\t<\/div>\n\t\t\t\t<\/div>\n\t\t\t\t\t<\/div>\n\t\t<\/div>\n\t\t\t\t\t<\/div>\n\t\t<\/section>\n\t\t\t\t<section class=\"elementor-section elementor-top-section elementor-element elementor-element-8895289 elementor-section-full_width elementor-section-height-min-height elementor-section-height-default elementor-section-items-middle\" data-id=\"8895289\" data-element_type=\"section\" data-settings=\"{&quot;background_background&quot;:&quot;classic&quot;,&quot;_ha_eqh_enable&quot;:false}\">\n\t\t\t\t\t\t\t<div class=\"elementor-background-overlay\"><\/div>\n\t\t\t\t\t\t\t<div class=\"elementor-container elementor-column-gap-no\">\n\t\t\t\t\t<div class=\"elementor-column elementor-col-33 elementor-top-column elementor-element elementor-element-9c02c6a\" data-id=\"9c02c6a\" data-element_type=\"column\">\n\t\t\t<div class=\"elementor-widget-wrap elementor-element-populated\">\n\t\t\t\t\t\t<div class=\"elementor-element elementor-element-3fc9539 elementor-widget-divider--view-line elementor-widget elementor-widget-divider\" data-id=\"3fc9539\" data-element_type=\"widget\" data-widget_type=\"divider.default\">\n\t\t\t\t<div class=\"elementor-widget-container\">\n\t\t\t\t\t<div class=\"elementor-divider\">\n\t\t\t<span class=\"elementor-divider-separator\">\n\t\t\t\t\t\t<\/span>\n\t\t<\/div>\n\t\t\t\t<\/div>\n\t\t\t\t<\/div>\n\t\t\t\t\t<\/div>\n\t\t<\/div>\n\t\t\t\t<div class=\"elementor-column elementor-col-33 elementor-top-column elementor-element elementor-element-f1f710a\" data-id=\"f1f710a\" data-element_type=\"column\">\n\t\t\t<div class=\"elementor-widget-wrap elementor-element-populated\">\n\t\t\t\t\t\t<div class=\"elementor-element elementor-element-40d9f71 elementor-widget elementor-widget-video\" data-id=\"40d9f71\" data-element_type=\"widget\" data-settings=\"{&quot;video_type&quot;:&quot;hosted&quot;,&quot;autoplay&quot;:&quot;yes&quot;,&quot;mute&quot;:&quot;yes&quot;,&quot;controls&quot;:&quot;yes&quot;}\" data-widget_type=\"video.default\">\n\t\t\t\t<div class=\"elementor-widget-container\">\n\t\t\t\t\t<div class=\"e-hosted-video elementor-wrapper elementor-open-inline\">\n\t\t\t\t\t<video class=\"elementor-video\" src=\"http:\/\/mccongress.com.mx\/wp-content\/uploads\/2024\/06\/MC_CONGRESS_WEBINARS.mp4\" autoplay=\"\" controls=\"\" muted=\"muted\" controlsList=\"nodownload\"><\/video>\n\t\t\t\t<\/div>\n\t\t\t\t<\/div>\n\t\t\t\t<\/div>\n\t\t\t\t\t<\/div>\n\t\t<\/div>\n\t\t\t\t<div class=\"elementor-column elementor-col-33 elementor-top-column elementor-element elementor-element-a4d5fa2\" data-id=\"a4d5fa2\" data-element_type=\"column\">\n\t\t\t<div class=\"elementor-widget-wrap elementor-element-populated\">\n\t\t\t\t\t\t<div class=\"elementor-element elementor-element-e3f7d00 elementor-widget-divider--view-line elementor-widget elementor-widget-divider\" data-id=\"e3f7d00\" data-element_type=\"widget\" data-widget_type=\"divider.default\">\n\t\t\t\t<div class=\"elementor-widget-container\">\n\t\t\t\t\t<div class=\"elementor-divider\">\n\t\t\t<span class=\"elementor-divider-separator\">\n\t\t\t\t\t\t<\/span>\n\t\t<\/div>\n\t\t\t\t<\/div>\n\t\t\t\t<\/div>\n\t\t\t\t\t<\/div>\n\t\t<\/div>\n\t\t\t\t\t<\/div>\n\t\t<\/section>\n\t\t\t\t<section class=\"elementor-section elementor-top-section elementor-element elementor-element-469a393 elementor-section-full_width elementor-section-height-default elementor-section-height-default\" data-id=\"469a393\" data-element_type=\"section\" data-settings=\"{&quot;background_background&quot;:&quot;classic&quot;,&quot;_ha_eqh_enable&quot;:false}\">\n\t\t\t\t\t\t<div class=\"elementor-container elementor-column-gap-no\">\n\t\t\t\t\t<div class=\"elementor-column elementor-col-100 elementor-top-column elementor-element elementor-element-237d74b\" data-id=\"237d74b\" data-element_type=\"column\">\n\t\t\t<div class=\"elementor-widget-wrap elementor-element-populated\">\n\t\t\t\t\t\t<div class=\"elementor-element elementor-element-d643f96 elementor-widget elementor-widget-image\" data-id=\"d643f96\" data-element_type=\"widget\" data-widget_type=\"image.default\">\n\t\t\t\t<div class=\"elementor-widget-container\">\n\t\t\t\t\t\t\t\t\t\t\t\t\t<img decoding=\"async\" width=\"8040\" height=\"1160\" src=\"http:\/\/mccongress.com.mx\/wp-content\/uploads\/2024\/04\/pleca-texto_001.png\" class=\"attachment-full size-full wp-image-505\" alt=\"\" srcset=\"http:\/\/mccongress.com.mx\/wp-content\/uploads\/2024\/04\/pleca-texto_001.png 8040w, http:\/\/mccongress.com.mx\/wp-content\/uploads\/2024\/04\/pleca-texto_001-300x43.png 300w, http:\/\/mccongress.com.mx\/wp-content\/uploads\/2024\/04\/pleca-texto_001-1024x148.png 1024w, http:\/\/mccongress.com.mx\/wp-content\/uploads\/2024\/04\/pleca-texto_001-768x111.png 768w, http:\/\/mccongress.com.mx\/wp-content\/uploads\/2024\/04\/pleca-texto_001-1536x222.png 1536w, http:\/\/mccongress.com.mx\/wp-content\/uploads\/2024\/04\/pleca-texto_001-2048x295.png 2048w, http:\/\/mccongress.com.mx\/wp-content\/uploads\/2024\/04\/pleca-texto_001-600x87.png 600w\" sizes=\"(max-width: 8040px) 100vw, 8040px\" \/>\t\t\t\t\t\t\t\t\t\t\t\t\t<\/div>\n\t\t\t\t<\/div>\n\t\t\t\t\t<\/div>\n\t\t<\/div>\n\t\t\t\t\t<\/div>\n\t\t<\/section>\n\t\t\t\t<section class=\"elementor-section elementor-top-section elementor-element elementor-element-17bb077 elementor-section-boxed elementor-section-height-default elementor-section-height-default\" data-id=\"17bb077\" data-element_type=\"section\" data-settings=\"{&quot;_ha_eqh_enable&quot;:false}\">\n\t\t\t\t\t\t<div class=\"elementor-container elementor-column-gap-default\">\n\t\t\t\t\t<div class=\"elementor-column elementor-col-100 elementor-top-column elementor-element elementor-element-e156d48\" data-id=\"e156d48\" data-element_type=\"column\">\n\t\t\t<div class=\"elementor-widget-wrap elementor-element-populated\">\n\t\t\t\t\t\t<div class=\"elementor-element elementor-element-fe233d9 elementor-widget elementor-widget-image\" data-id=\"fe233d9\" data-element_type=\"widget\" data-widget_type=\"image.default\">\n\t\t\t\t<div class=\"elementor-widget-container\">\n\t\t\t\t\t\t\t\t\t\t\t\t\t<img decoding=\"async\" width=\"6746\" height=\"7192\" src=\"http:\/\/mccongress.com.mx\/wp-content\/uploads\/2024\/04\/grafico_002-2-1.png\" class=\"attachment-full size-full wp-image-506\" alt=\"\" srcset=\"http:\/\/mccongress.com.mx\/wp-content\/uploads\/2024\/04\/grafico_002-2-1.png 6746w, http:\/\/mccongress.com.mx\/wp-content\/uploads\/2024\/04\/grafico_002-2-1-281x300.png 281w, http:\/\/mccongress.com.mx\/wp-content\/uploads\/2024\/04\/grafico_002-2-1-960x1024.png 960w, http:\/\/mccongress.com.mx\/wp-content\/uploads\/2024\/04\/grafico_002-2-1-768x819.png 768w, http:\/\/mccongress.com.mx\/wp-content\/uploads\/2024\/04\/grafico_002-2-1-1441x1536.png 1441w, http:\/\/mccongress.com.mx\/wp-content\/uploads\/2024\/04\/grafico_002-2-1-1921x2048.png 1921w, http:\/\/mccongress.com.mx\/wp-content\/uploads\/2024\/04\/grafico_002-2-1-600x640.png 600w\" sizes=\"(max-width: 6746px) 100vw, 6746px\" \/>\t\t\t\t\t\t\t\t\t\t\t\t\t<\/div>\n\t\t\t\t<\/div>\n\t\t\t\t<div class=\"elementor-element elementor-element-61858fc elementor-widget elementor-widget-spacer\" data-id=\"61858fc\" data-element_type=\"widget\" data-widget_type=\"spacer.default\">\n\t\t\t\t<div class=\"elementor-widget-container\">\n\t\t\t\t\t<div class=\"elementor-spacer\">\n\t\t\t<div class=\"elementor-spacer-inner\"><\/div>\n\t\t<\/div>\n\t\t\t\t<\/div>\n\t\t\t\t<\/div>\n\t\t\t\t\t<\/div>\n\t\t<\/div>\n\t\t\t\t\t<\/div>\n\t\t<\/section>\n\t\t\t\t<section class=\"elementor-section elementor-top-section elementor-element elementor-element-44ee8ea elementor-section-full_width elementor-section-height-default elementor-section-height-default\" data-id=\"44ee8ea\" data-element_type=\"section\" data-settings=\"{&quot;background_background&quot;:&quot;classic&quot;,&quot;_ha_eqh_enable&quot;:false}\">\n\t\t\t\t\t\t<div class=\"elementor-container elementor-column-gap-no\">\n\t\t\t\t\t<div class=\"elementor-column elementor-col-100 elementor-top-column elementor-element elementor-element-6f89530\" data-id=\"6f89530\" data-element_type=\"column\">\n\t\t\t<div class=\"elementor-widget-wrap elementor-element-populated\">\n\t\t\t\t\t\t<div class=\"elementor-element elementor-element-fe63b5a elementor-widget elementor-widget-image\" data-id=\"fe63b5a\" data-element_type=\"widget\" data-widget_type=\"image.default\">\n\t\t\t\t<div class=\"elementor-widget-container\">\n\t\t\t\t\t\t\t\t\t\t\t\t\t<img loading=\"lazy\" decoding=\"async\" width=\"8040\" height=\"775\" src=\"http:\/\/mccongress.com.mx\/wp-content\/uploads\/2024\/04\/pleca-adorno-1.png\" class=\"attachment-full size-full wp-image-478\" alt=\"\" srcset=\"http:\/\/mccongress.com.mx\/wp-content\/uploads\/2024\/04\/pleca-adorno-1.png 8040w, http:\/\/mccongress.com.mx\/wp-content\/uploads\/2024\/04\/pleca-adorno-1-300x29.png 300w, http:\/\/mccongress.com.mx\/wp-content\/uploads\/2024\/04\/pleca-adorno-1-1024x99.png 1024w, http:\/\/mccongress.com.mx\/wp-content\/uploads\/2024\/04\/pleca-adorno-1-768x74.png 768w, http:\/\/mccongress.com.mx\/wp-content\/uploads\/2024\/04\/pleca-adorno-1-1536x148.png 1536w, http:\/\/mccongress.com.mx\/wp-content\/uploads\/2024\/04\/pleca-adorno-1-2048x197.png 2048w, http:\/\/mccongress.com.mx\/wp-content\/uploads\/2024\/04\/pleca-adorno-1-600x58.png 600w\" sizes=\"(max-width: 8040px) 100vw, 8040px\" \/>\t\t\t\t\t\t\t\t\t\t\t\t\t<\/div>\n\t\t\t\t<\/div>\n\t\t\t\t\t<\/div>\n\t\t<\/div>\n\t\t\t\t\t<\/div>\n\t\t<\/section>\n\t\t\t\t<section class=\"elementor-section elementor-top-section elementor-element elementor-element-7030cea elementor-section-full_width elementor-section-height-min-height elementor-section-height-default elementor-section-items-middle\" data-id=\"7030cea\" data-element_type=\"section\" data-settings=\"{&quot;background_background&quot;:&quot;classic&quot;,&quot;_ha_eqh_enable&quot;:false}\">\n\t\t\t\t\t\t\t<div class=\"elementor-background-overlay\"><\/div>\n\t\t\t\t\t\t\t<div class=\"elementor-container elementor-column-gap-no\">\n\t\t\t\t\t<div class=\"elementor-column elementor-col-33 elementor-top-column elementor-element elementor-element-48d7e9b\" data-id=\"48d7e9b\" data-element_type=\"column\">\n\t\t\t<div class=\"elementor-widget-wrap elementor-element-populated\">\n\t\t\t\t\t\t<div class=\"elementor-element elementor-element-1973cc4 elementor-widget-divider--view-line elementor-widget elementor-widget-divider\" data-id=\"1973cc4\" data-element_type=\"widget\" data-widget_type=\"divider.default\">\n\t\t\t\t<div class=\"elementor-widget-container\">\n\t\t\t\t\t<div class=\"elementor-divider\">\n\t\t\t<span class=\"elementor-divider-separator\">\n\t\t\t\t\t\t<\/span>\n\t\t<\/div>\n\t\t\t\t<\/div>\n\t\t\t\t<\/div>\n\t\t\t\t\t<\/div>\n\t\t<\/div>\n\t\t\t\t<div class=\"elementor-column elementor-col-33 elementor-top-column elementor-element elementor-element-3bae2ad\" data-id=\"3bae2ad\" data-element_type=\"column\">\n\t\t\t<div class=\"elementor-widget-wrap elementor-element-populated\">\n\t\t\t\t\t\t<div class=\"elementor-element elementor-element-f3d25fa elementor-widget elementor-widget-video\" data-id=\"f3d25fa\" data-element_type=\"widget\" data-settings=\"{&quot;video_type&quot;:&quot;hosted&quot;,&quot;autoplay&quot;:&quot;yes&quot;,&quot;mute&quot;:&quot;yes&quot;,&quot;controls&quot;:&quot;yes&quot;}\" data-widget_type=\"video.default\">\n\t\t\t\t<div class=\"elementor-widget-container\">\n\t\t\t\t\t<div class=\"e-hosted-video elementor-wrapper elementor-open-inline\">\n\t\t\t\t\t<video class=\"elementor-video\" src=\"http:\/\/mccongress.com.mx\/wp-content\/uploads\/2024\/06\/PROMO_01_MC-DIGITAL.mp4\" autoplay=\"\" controls=\"\" muted=\"muted\" controlsList=\"nodownload\"><\/video>\n\t\t\t\t<\/div>\n\t\t\t\t<\/div>\n\t\t\t\t<\/div>\n\t\t\t\t\t<\/div>\n\t\t<\/div>\n\t\t\t\t<div class=\"elementor-column elementor-col-33 elementor-top-column elementor-element elementor-element-c4fe881\" data-id=\"c4fe881\" data-element_type=\"column\">\n\t\t\t<div class=\"elementor-widget-wrap elementor-element-populated\">\n\t\t\t\t\t\t<div class=\"elementor-element elementor-element-ac84eb3 elementor-widget-divider--view-line elementor-widget elementor-widget-divider\" data-id=\"ac84eb3\" data-element_type=\"widget\" data-widget_type=\"divider.default\">\n\t\t\t\t<div class=\"elementor-widget-container\">\n\t\t\t\t\t<div class=\"elementor-divider\">\n\t\t\t<span class=\"elementor-divider-separator\">\n\t\t\t\t\t\t<\/span>\n\t\t<\/div>\n\t\t\t\t<\/div>\n\t\t\t\t<\/div>\n\t\t\t\t\t<\/div>\n\t\t<\/div>\n\t\t\t\t\t<\/div>\n\t\t<\/section>\n\t\t\t\t<section class=\"elementor-section elementor-top-section elementor-element elementor-element-afc2f0d elementor-section-boxed elementor-section-height-default elementor-section-height-default\" data-id=\"afc2f0d\" data-element_type=\"section\" data-settings=\"{&quot;_ha_eqh_enable&quot;:false}\">\n\t\t\t\t\t\t<div class=\"elementor-container elementor-column-gap-default\">\n\t\t\t\t\t<div class=\"elementor-column elementor-col-100 elementor-top-column elementor-element elementor-element-2f996bd\" data-id=\"2f996bd\" data-element_type=\"column\">\n\t\t\t<div class=\"elementor-widget-wrap elementor-element-populated\">\n\t\t\t\t\t\t<div class=\"elementor-element elementor-element-9ce1143 elementor-widget-divider--view-line elementor-widget elementor-widget-divider\" data-id=\"9ce1143\" data-element_type=\"widget\" data-widget_type=\"divider.default\">\n\t\t\t\t<div class=\"elementor-widget-container\">\n\t\t\t\t\t<div class=\"elementor-divider\">\n\t\t\t<span class=\"elementor-divider-separator\">\n\t\t\t\t\t\t<\/span>\n\t\t<\/div>\n\t\t\t\t<\/div>\n\t\t\t\t<\/div>\n\t\t\t\t<div class=\"elementor-element elementor-element-eb9e7e8 elementor-widget elementor-widget-text-editor\" data-id=\"eb9e7e8\" data-element_type=\"widget\" data-widget_type=\"text-editor.default\">\n\t\t\t\t<div class=\"elementor-widget-container\">\n\t\t\t\t\t\t\tEn <span style=\"color: #51dd6b;\">M<\/span>c <span style=\"color: #d41367;\">D<\/span>igital, los <span style=\"color: #d41367;\">elementos<\/span> y <span style=\"color: #d41367;\">posibilidades<\/span> para la creaci\u00f3n de su <span style=\"color: #51dd6b;\">evento virtual<\/span> son demasiadas y nosotros nos encargamos de que su evento tenga todo lo necesario para llevarlo a otro nivel.\t\t\t\t\t\t<\/div>\n\t\t\t\t<\/div>\n\t\t\t\t<div class=\"elementor-element elementor-element-e601ae5 elementor-widget elementor-widget-image\" data-id=\"e601ae5\" data-element_type=\"widget\" data-widget_type=\"image.default\">\n\t\t\t\t<div class=\"elementor-widget-container\">\n\t\t\t\t\t\t\t\t\t\t\t\t\t<img loading=\"lazy\" decoding=\"async\" width=\"6561\" height=\"4548\" src=\"http:\/\/mccongress.com.mx\/wp-content\/uploads\/2024\/04\/grafico_003-4-2.png\" class=\"attachment-full size-full wp-image-508\" alt=\"\" srcset=\"http:\/\/mccongress.com.mx\/wp-content\/uploads\/2024\/04\/grafico_003-4-2.png 6561w, http:\/\/mccongress.com.mx\/wp-content\/uploads\/2024\/04\/grafico_003-4-2-300x208.png 300w, http:\/\/mccongress.com.mx\/wp-content\/uploads\/2024\/04\/grafico_003-4-2-1024x710.png 1024w, http:\/\/mccongress.com.mx\/wp-content\/uploads\/2024\/04\/grafico_003-4-2-768x532.png 768w, http:\/\/mccongress.com.mx\/wp-content\/uploads\/2024\/04\/grafico_003-4-2-1536x1065.png 1536w, http:\/\/mccongress.com.mx\/wp-content\/uploads\/2024\/04\/grafico_003-4-2-2048x1420.png 2048w, http:\/\/mccongress.com.mx\/wp-content\/uploads\/2024\/04\/grafico_003-4-2-600x416.png 600w\" sizes=\"(max-width: 6561px) 100vw, 6561px\" \/>\t\t\t\t\t\t\t\t\t\t\t\t\t<\/div>\n\t\t\t\t<\/div>\n\t\t\t\t\t<\/div>\n\t\t<\/div>\n\t\t\t\t\t<\/div>\n\t\t<\/section>\n\t\t\t\t<section class=\"elementor-section elementor-top-section elementor-element elementor-element-700740e elementor-section-full_width elementor-section-height-default elementor-section-height-default\" data-id=\"700740e\" data-element_type=\"section\" data-settings=\"{&quot;background_background&quot;:&quot;classic&quot;,&quot;_ha_eqh_enable&quot;:false}\">\n\t\t\t\t\t\t<div class=\"elementor-container elementor-column-gap-no\">\n\t\t\t\t\t<div class=\"elementor-column elementor-col-100 elementor-top-column elementor-element elementor-element-bd1da83\" data-id=\"bd1da83\" data-element_type=\"column\">\n\t\t\t<div class=\"elementor-widget-wrap elementor-element-populated\">\n\t\t\t\t\t\t<div class=\"elementor-element elementor-element-7c9c296 elementor-widget elementor-widget-image\" data-id=\"7c9c296\" data-element_type=\"widget\" data-widget_type=\"image.default\">\n\t\t\t\t<div class=\"elementor-widget-container\">\n\t\t\t\t\t\t\t\t\t\t\t\t\t<img loading=\"lazy\" decoding=\"async\" width=\"8040\" height=\"775\" src=\"http:\/\/mccongress.com.mx\/wp-content\/uploads\/2024\/04\/pleca-adorno-1.png\" class=\"attachment-full size-full wp-image-478\" alt=\"\" srcset=\"http:\/\/mccongress.com.mx\/wp-content\/uploads\/2024\/04\/pleca-adorno-1.png 8040w, http:\/\/mccongress.com.mx\/wp-content\/uploads\/2024\/04\/pleca-adorno-1-300x29.png 300w, http:\/\/mccongress.com.mx\/wp-content\/uploads\/2024\/04\/pleca-adorno-1-1024x99.png 1024w, http:\/\/mccongress.com.mx\/wp-content\/uploads\/2024\/04\/pleca-adorno-1-768x74.png 768w, http:\/\/mccongress.com.mx\/wp-content\/uploads\/2024\/04\/pleca-adorno-1-1536x148.png 1536w, http:\/\/mccongress.com.mx\/wp-content\/uploads\/2024\/04\/pleca-adorno-1-2048x197.png 2048w, http:\/\/mccongress.com.mx\/wp-content\/uploads\/2024\/04\/pleca-adorno-1-600x58.png 600w\" sizes=\"(max-width: 8040px) 100vw, 8040px\" \/>\t\t\t\t\t\t\t\t\t\t\t\t\t<\/div>\n\t\t\t\t<\/div>\n\t\t\t\t\t<\/div>\n\t\t<\/div>\n\t\t\t\t\t<\/div>\n\t\t<\/section>\n\t\t\t\t<\/div>\n\t\t","protected":false},"excerpt":{"rendered":"<p>NOS ESPECIALIZAMOS EN EVENTOS DE ALTO IMPACTO Nuestros servicios digitales incluyen: &#8220;No importa el tama\u00f1o de su reuni\u00f3n, tenemos la soluci\u00f3n&#8221; http:\/\/mccongress.com.mx\/wp-content\/uploads\/2024\/06\/MC_CONGRESS_WEBINARS.mp4 http:\/\/mccongress.com.mx\/wp-content\/uploads\/2024\/06\/PROMO_01_MC-DIGITAL.mp4 En Mc Digital, los elementos y posibilidades para la creaci\u00f3n de su evento virtual son demasiadas y nosotros nos encargamos de que su evento tenga todo lo necesario para llevarlo a otro [&hellip;]<\/p>\n","protected":false},"author":1,"featured_media":0,"parent":0,"menu_order":0,"comment_status":"closed","ping_status":"closed","template":"elementor_header_footer","meta":{"footnotes":""},"class_list":["post-367","page","type-page","status-publish","hentry"],"_links":{"self":[{"href":"http:\/\/mccongress.com.mx\/index.php?rest_route=\/wp\/v2\/pages\/367","targetHints":{"allow":["GET"]}}],"collection":[{"href":"http:\/\/mccongress.com.mx\/index.php?rest_route=\/wp\/v2\/pages"}],"about":[{"href":"http:\/\/mccongress.com.mx\/index.php?rest_route=\/wp\/v2\/types\/page"}],"author":[{"embeddable":true,"href":"http:\/\/mccongress.com.mx\/index.php?rest_route=\/wp\/v2\/users\/1"}],"replies":[{"embeddable":true,"href":"http:\/\/mccongress.com.mx\/index.php?rest_route=%2Fwp%2Fv2%2Fcomments&post=367"}],"version-history":[{"count":40,"href":"http:\/\/mccongress.com.mx\/index.php?rest_route=\/wp\/v2\/pages\/367\/revisions"}],"predecessor-version":[{"id":691,"href":"http:\/\/mccongress.com.mx\/index.php?rest_route=\/wp\/v2\/pages\/367\/revisions\/691"}],"wp:attachment":[{"href":"http:\/\/mccongress.com.mx\/index.php?rest_route=%2Fwp%2Fv2%2Fmedia&parent=367"}],"curies":[{"name":"wp","href":"https:\/\/api.w.org\/{rel}","templated":true}]}}