{"id":368,"date":"2024-04-15T20:10:18","date_gmt":"2024-04-15T18:10:18","guid":{"rendered":"http:\/\/mccongress.com.mx\/?page_id=368"},"modified":"2024-06-25T22:16:29","modified_gmt":"2024-06-25T20:16:29","slug":"mc-sociales","status":"publish","type":"page","link":"http:\/\/mccongress.com.mx\/?page_id=368","title":{"rendered":"MC SOCIALES"},"content":{"rendered":"\t\t<div data-elementor-type=\"wp-page\" data-elementor-id=\"368\" class=\"elementor elementor-368\" data-elementor-post-type=\"page\">\n\t\t\t\t\t\t<section class=\"elementor-section elementor-top-section elementor-element elementor-element-f9f39be elementor-section-boxed elementor-section-height-default elementor-section-height-default\" data-id=\"f9f39be\" data-element_type=\"section\" data-settings=\"{&quot;background_background&quot;:&quot;classic&quot;,&quot;_ha_eqh_enable&quot;:false}\">\n\t\t\t\t\t\t\t<div class=\"elementor-background-overlay\"><\/div>\n\t\t\t\t\t\t\t<div class=\"elementor-container elementor-column-gap-default\">\n\t\t\t\t\t<div class=\"elementor-column elementor-col-100 elementor-top-column elementor-element elementor-element-744f27d\" data-id=\"744f27d\" data-element_type=\"column\">\n\t\t\t<div class=\"elementor-widget-wrap elementor-element-populated\">\n\t\t\t\t\t\t<div class=\"elementor-element elementor-element-476833c elementor-widget elementor-widget-text-editor\" data-id=\"476833c\" data-element_type=\"widget\" data-widget_type=\"text-editor.default\">\n\t\t\t\t<div class=\"elementor-widget-container\">\n\t\t\t\t\t\t\t<p>&#8220;Realizamos toda la <span style=\"color: #51dd6b;\">organizaci\u00f3n<\/span> de su Boda, XV a\u00f1os, Graduaciones, etc., para que ese d\u00eda disfruten y recuerden ese momento con <span style=\"color: #d41367;\">alegr\u00eda y felicidad<\/span>, sin que se preocupen por los detalles, pues de eso nos encargamos nosotros.&#8221;<\/p>\t\t\t\t\t\t<\/div>\n\t\t\t\t<\/div>\n\t\t\t\t\t<\/div>\n\t\t<\/div>\n\t\t\t\t\t<\/div>\n\t\t<\/section>\n\t\t\t\t<section class=\"elementor-section elementor-top-section elementor-element elementor-element-fdee4c0 elementor-section-boxed elementor-section-height-default elementor-section-height-default\" data-id=\"fdee4c0\" data-element_type=\"section\" data-settings=\"{&quot;_ha_eqh_enable&quot;:false}\">\n\t\t\t\t\t\t<div class=\"elementor-container elementor-column-gap-default\">\n\t\t\t\t\t<div class=\"elementor-column elementor-col-100 elementor-top-column elementor-element elementor-element-76309ff\" data-id=\"76309ff\" data-element_type=\"column\">\n\t\t\t<div class=\"elementor-widget-wrap elementor-element-populated\">\n\t\t\t\t\t\t<div class=\"elementor-element elementor-element-b6de784 elementor-widget elementor-widget-text-editor\" data-id=\"b6de784\" data-element_type=\"widget\" data-widget_type=\"text-editor.default\">\n\t\t\t\t<div class=\"elementor-widget-container\">\n\t\t\t\t\t\t\t<p>&#8220;Te apoyamos en <span style=\"color: #d53769;\">crear y llevar a la realidad<\/span> el evento correcto de acuerdo a tus necesidades y objetivos&#8221;<\/p>\t\t\t\t\t\t<\/div>\n\t\t\t\t<\/div>\n\t\t\t\t<div class=\"elementor-element elementor-element-58a1cd2 elementor-widget-divider--view-line elementor-widget elementor-widget-divider\" data-id=\"58a1cd2\" data-element_type=\"widget\" data-widget_type=\"divider.default\">\n\t\t\t\t<div class=\"elementor-widget-container\">\n\t\t\t\t\t<div class=\"elementor-divider\">\n\t\t\t<span class=\"elementor-divider-separator\">\n\t\t\t\t\t\t<\/span>\n\t\t<\/div>\n\t\t\t\t<\/div>\n\t\t\t\t<\/div>\n\t\t\t\t<div class=\"elementor-element elementor-element-3414618 elementor-widget elementor-widget-text-editor\" data-id=\"3414618\" data-element_type=\"widget\" data-widget_type=\"text-editor.default\">\n\t\t\t\t<div class=\"elementor-widget-container\">\n\t\t\t\t\t\t\t<p>Somos una <span style=\"color: #51dd6b;\">agencia integral<\/span>, llevando ideas innovadoras a eventos inolvidables y memorables, donde con una <span style=\"color: #d41367;\">idea creativa<\/span>, dirigimos tu evento hasta tu satisfacci\u00f3n y la de tus invitados.\u00a0<\/p><p>Para nosotros <span style=\"color: #51dd6b;\">todo el proceso es importante<\/span>, desde la generaci\u00f3n de ideas y los momentos de planeaci\u00f3n, hasta la implementaci\u00f3n y la entrega de resultados, aceptando siempre el reto de crear emociones <strong><span style=\"color: #d41367;\">extraordinarias e inolvidables<\/span><\/strong>.\u00a0<\/p>\t\t\t\t\t\t<\/div>\n\t\t\t\t<\/div>\n\t\t\t\t<div class=\"elementor-element elementor-element-c3e1a49 elementor-widget elementor-widget-image\" data-id=\"c3e1a49\" data-element_type=\"widget\" data-widget_type=\"image.default\">\n\t\t\t\t<div class=\"elementor-widget-container\">\n\t\t\t\t\t\t\t\t\t\t\t\t\t\t<a href=\"http:\/\/mccongress.com.mx\/beta\/#cotizacion\">\n\t\t\t\t\t\t\t<img decoding=\"async\" width=\"300\" height=\"45\" src=\"http:\/\/mccongress.com.mx\/wp-content\/uploads\/2024\/05\/boton-pedir-cotizacion-300x45.png\" class=\"attachment-medium size-medium wp-image-546\" alt=\"\" srcset=\"http:\/\/mccongress.com.mx\/wp-content\/uploads\/2024\/05\/boton-pedir-cotizacion-300x45.png 300w, http:\/\/mccongress.com.mx\/wp-content\/uploads\/2024\/05\/boton-pedir-cotizacion-1024x154.png 1024w, http:\/\/mccongress.com.mx\/wp-content\/uploads\/2024\/05\/boton-pedir-cotizacion-768x116.png 768w, http:\/\/mccongress.com.mx\/wp-content\/uploads\/2024\/05\/boton-pedir-cotizacion-1536x231.png 1536w, http:\/\/mccongress.com.mx\/wp-content\/uploads\/2024\/05\/boton-pedir-cotizacion-2048x308.png 2048w, http:\/\/mccongress.com.mx\/wp-content\/uploads\/2024\/05\/boton-pedir-cotizacion-600x90.png 600w\" sizes=\"(max-width: 300px) 100vw, 300px\" \/>\t\t\t\t\t\t\t\t<\/a>\n\t\t\t\t\t\t\t\t\t\t\t\t\t<\/div>\n\t\t\t\t<\/div>\n\t\t\t\t\t<\/div>\n\t\t<\/div>\n\t\t\t\t\t<\/div>\n\t\t<\/section>\n\t\t\t\t<section class=\"elementor-section elementor-top-section elementor-element elementor-element-06f8bd0 elementor-section-full_width elementor-section-height-default elementor-section-height-default\" data-id=\"06f8bd0\" data-element_type=\"section\" data-settings=\"{&quot;_ha_eqh_enable&quot;:false}\">\n\t\t\t\t\t\t<div class=\"elementor-container elementor-column-gap-no\">\n\t\t\t\t\t<div class=\"elementor-column elementor-col-100 elementor-top-column elementor-element elementor-element-1a74003\" data-id=\"1a74003\" data-element_type=\"column\">\n\t\t\t<div class=\"elementor-widget-wrap elementor-element-populated\">\n\t\t\t\t\t\t<div class=\"elementor-element elementor-element-48657a2 elementor-widget elementor-widget-spacer\" data-id=\"48657a2\" data-element_type=\"widget\" data-widget_type=\"spacer.default\">\n\t\t\t\t<div class=\"elementor-widget-container\">\n\t\t\t\t\t<div class=\"elementor-spacer\">\n\t\t\t<div class=\"elementor-spacer-inner\"><\/div>\n\t\t<\/div>\n\t\t\t\t<\/div>\n\t\t\t\t<\/div>\n\t\t\t\t\t<\/div>\n\t\t<\/div>\n\t\t\t\t\t<\/div>\n\t\t<\/section>\n\t\t\t\t<section class=\"elementor-section elementor-top-section elementor-element elementor-element-1ddd412 elementor-section-boxed elementor-section-height-default elementor-section-height-default\" data-id=\"1ddd412\" data-element_type=\"section\" data-settings=\"{&quot;background_background&quot;:&quot;classic&quot;,&quot;_ha_eqh_enable&quot;:false}\">\n\t\t\t\t\t\t<div class=\"elementor-container elementor-column-gap-default\">\n\t\t\t\t\t<div class=\"elementor-column elementor-col-100 elementor-top-column elementor-element elementor-element-fe9db24\" data-id=\"fe9db24\" data-element_type=\"column\">\n\t\t\t<div class=\"elementor-widget-wrap elementor-element-populated\">\n\t\t\t\t\t\t<div class=\"elementor-element elementor-element-85152ec elementor-widget elementor-widget-text-editor\" data-id=\"85152ec\" data-element_type=\"widget\" data-widget_type=\"text-editor.default\">\n\t\t\t\t<div class=\"elementor-widget-container\">\n\t\t\t\t\t\t\t<p>&#8220;Planear un evento es tan emocionante como <span style=\"color: #d53769;\">vivirlo<\/span>, por ello cuidamos cada detalle <span style=\"color: #67de6d;\">excediendo sus expectativas<\/span>&#8220;<\/p>\t\t\t\t\t\t<\/div>\n\t\t\t\t<\/div>\n\t\t\t\t\t<\/div>\n\t\t<\/div>\n\t\t\t\t\t<\/div>\n\t\t<\/section>\n\t\t\t\t<\/div>\n\t\t","protected":false},"excerpt":{"rendered":"<p>&#8220;Realizamos toda la organizaci\u00f3n de su Boda, XV a\u00f1os, Graduaciones, etc., para que ese d\u00eda disfruten y recuerden ese momento con alegr\u00eda y felicidad, sin que se preocupen por los detalles, pues de eso nos encargamos nosotros.&#8221; &#8220;Te apoyamos en crear y llevar a la realidad el evento correcto de acuerdo a tus necesidades y [&hellip;]<\/p>\n","protected":false},"author":1,"featured_media":0,"parent":0,"menu_order":0,"comment_status":"closed","ping_status":"closed","template":"elementor_header_footer","meta":{"footnotes":""},"class_list":["post-368","page","type-page","status-publish","hentry"],"_links":{"self":[{"href":"http:\/\/mccongress.com.mx\/index.php?rest_route=\/wp\/v2\/pages\/368","targetHints":{"allow":["GET"]}}],"collection":[{"href":"http:\/\/mccongress.com.mx\/index.php?rest_route=\/wp\/v2\/pages"}],"about":[{"href":"http:\/\/mccongress.com.mx\/index.php?rest_route=\/wp\/v2\/types\/page"}],"author":[{"embeddable":true,"href":"http:\/\/mccongress.com.mx\/index.php?rest_route=\/wp\/v2\/users\/1"}],"replies":[{"embeddable":true,"href":"http:\/\/mccongress.com.mx\/index.php?rest_route=%2Fwp%2Fv2%2Fcomments&post=368"}],"version-history":[{"count":22,"href":"http:\/\/mccongress.com.mx\/index.php?rest_route=\/wp\/v2\/pages\/368\/revisions"}],"predecessor-version":[{"id":679,"href":"http:\/\/mccongress.com.mx\/index.php?rest_route=\/wp\/v2\/pages\/368\/revisions\/679"}],"wp:attachment":[{"href":"http:\/\/mccongress.com.mx\/index.php?rest_route=%2Fwp%2Fv2%2Fmedia&parent=368"}],"curies":[{"name":"wp","href":"https:\/\/api.w.org\/{rel}","templated":true}]}}